{"id":428,"date":"2020-05-03T12:23:00","date_gmt":"2020-05-03T10:23:00","guid":{"rendered":"https:\/\/bi-provider.com\/?page_id=428"},"modified":"2025-07-05T09:11:11","modified_gmt":"2025-07-05T07:11:11","slug":"impressum","status":"publish","type":"page","link":"https:\/\/bi-provider.com\/en\/impressum\/","title":{"rendered":"Disclaimer"},"content":{"rendered":"<div data-elementor-type=\"wp-page\" data-elementor-id=\"428\" class=\"elementor elementor-428\">\n\t\t\t\t\t\t<section class=\"elementor-section elementor-top-section elementor-element elementor-element-289bf53 elementor-section-height-min-height elementor-section-boxed elementor-section-height-default elementor-section-items-middle\" data-id=\"289bf53\" data-element_type=\"section\" data-e-type=\"section\" data-settings=\"{&quot;background_background&quot;:&quot;classic&quot;}\">\n\t\t\t\t\t\t<div class=\"elementor-container elementor-column-gap-default\">\n\t\t\t\t\t<div class=\"elementor-column elementor-col-100 elementor-top-column elementor-element elementor-element-a933ab7\" data-id=\"a933ab7\" data-element_type=\"column\" data-e-type=\"column\">\n\t\t\t<div class=\"elementor-widget-wrap elementor-element-populated\">\n\t\t\t\t\t\t<div class=\"elementor-element elementor-element-63e915c elementor-widget elementor-widget-spacer\" data-id=\"63e915c\" data-element_type=\"widget\" data-e-type=\"widget\" data-widget_type=\"spacer.default\">\n\t\t\t\t<div class=\"elementor-widget-container\">\n\t\t\t\t\t\t\t<div class=\"elementor-spacer\">\n\t\t\t<div class=\"elementor-spacer-inner\"><\/div>\n\t\t<\/div>\n\t\t\t\t\t\t<\/div>\n\t\t\t\t<\/div>\n\t\t\t\t<div class=\"elementor-element elementor-element-ec878ae elementor-widget elementor-widget-heading\" data-id=\"ec878ae\" data-element_type=\"widget\" data-e-type=\"widget\" data-widget_type=\"heading.default\">\n\t\t\t\t<div class=\"elementor-widget-container\">\n\t\t\t\t\t<h2 class=\"elementor-heading-title elementor-size-default\">IMPRINT<\/h2>\t\t\t\t<\/div>\n\t\t\t\t<\/div>\n\t\t\t\t<div class=\"elementor-element elementor-element-04825e8 elementor-shape-rounded elementor-grid-0 e-grid-align-center elementor-widget elementor-widget-social-icons\" data-id=\"04825e8\" data-element_type=\"widget\" data-e-type=\"widget\" data-widget_type=\"social-icons.default\">\n\t\t\t\t<div class=\"elementor-widget-container\">\n\t\t\t\t\t\t\t<div class=\"elementor-social-icons-wrapper elementor-grid\" role=\"list\">\n\t\t\t\t\t\t\t<span class=\"elementor-grid-item\" role=\"listitem\">\n\t\t\t\t\t<a class=\"elementor-icon elementor-social-icon elementor-social-icon-xing elementor-repeater-item-37b7aeb\" href=\"https:\/\/www.xing.com\/profile\/Daniel_Baboi\" target=\"_blank\">\n\t\t\t\t\t\t<span class=\"elementor-screen-only\">Xing<\/span>\n\t\t\t\t\t\t<i aria-hidden=\"true\" class=\"fab fa-xing\"><\/i>\t\t\t\t\t<\/a>\n\t\t\t\t<\/span>\n\t\t\t\t\t\t\t<span class=\"elementor-grid-item\" role=\"listitem\">\n\t\t\t\t\t<a class=\"elementor-icon elementor-social-icon elementor-social-icon-linkedin elementor-repeater-item-a85731e\" href=\"https:\/\/de.linkedin.com\/company\/bi-provider-gmbh\" target=\"_blank\">\n\t\t\t\t\t\t<span class=\"elementor-screen-only\">Linkedin<\/span>\n\t\t\t\t\t\t<i aria-hidden=\"true\" class=\"fab fa-linkedin\"><\/i>\t\t\t\t\t<\/a>\n\t\t\t\t<\/span>\n\t\t\t\t\t\t\t<span class=\"elementor-grid-item\" role=\"listitem\">\n\t\t\t\t\t<a class=\"elementor-icon elementor-social-icon elementor-social-icon-whatsapp elementor-repeater-item-e689a74\" href=\"https:\/\/wa.me\/4915115027487\" target=\"_blank\">\n\t\t\t\t\t\t<span class=\"elementor-screen-only\">Whatsapp<\/span>\n\t\t\t\t\t\t<i aria-hidden=\"true\" class=\"fab fa-whatsapp\"><\/i>\t\t\t\t\t<\/a>\n\t\t\t\t<\/span>\n\t\t\t\t\t\t\t<span class=\"elementor-grid-item\" role=\"listitem\">\n\t\t\t\t\t<a class=\"elementor-icon elementor-social-icon elementor-social-icon-envelope elementor-repeater-item-83931eb\" href=\"mailto:ticket@support.bi-provider.com\" target=\"_blank\">\n\t\t\t\t\t\t<span class=\"elementor-screen-only\">Envelope<\/span>\n\t\t\t\t\t\t<i aria-hidden=\"true\" class=\"fas fa-envelope\"><\/i>\t\t\t\t\t<\/a>\n\t\t\t\t<\/span>\n\t\t\t\t\t\t\t<span class=\"elementor-grid-item\" role=\"listitem\">\n\t\t\t\t\t<a class=\"elementor-icon elementor-social-icon elementor-social-icon- elementor-repeater-item-ab8365e\" href=\"https:\/\/teams.microsoft.com\/l\/chat\/0\/0?users=daniel.baboi@bi-provider.com\" target=\"_blank\">\n\t\t\t\t\t\t<span class=\"elementor-screen-only\"><\/span>\n\t\t\t\t\t\t<svg xmlns=\"http:\/\/www.w3.org\/2000\/svg\" viewbox=\"0 0 2228.833 2073.333\"><path fill=\"#5059C9\" d=\"M1554.637,777.5h575.713c54.391,0,98.483,44.092,98.483,98.483c0,0,0,0,0,0v524.398 c0,199.901-162.051,361.952-361.952,361.952h0h-1.711c-199.901,0.028-361.975-162-362.004-361.901c0-0.017,0-0.034,0-0.052V828.971 C1503.167,800.544,1526.211,777.5,1554.637,777.5L1554.637,777.5z\"><\/path><circle fill=\"#5059C9\" cx=\"1943.75\" cy=\"440.583\" r=\"233.25\"><\/circle><circle fill=\"#7B83EB\" cx=\"1218.083\" cy=\"336.917\" r=\"336.917\"><\/circle><path fill=\"#7B83EB\" d=\"M1667.323,777.5H717.01c-53.743,1.33-96.257,45.931-95.01,99.676v598.105 c-7.505,322.519,247.657,590.16,570.167,598.053c322.51-7.893,577.671-275.534,570.167-598.053V877.176 C1763.579,823.431,1721.066,778.83,1667.323,777.5z\"><\/path><path opacity=\".1\" d=\"M1244,777.5v838.145c-0.258,38.435-23.549,72.964-59.09,87.598 c-11.316,4.787-23.478,7.254-35.765,7.257H667.613c-6.738-17.105-12.958-34.21-18.142-51.833 c-18.144-59.477-27.402-121.307-27.472-183.49V877.02c-1.246-53.659,41.198-98.19,94.855-99.52H1244z\"><\/path><path opacity=\".2\" d=\"M1192.167,777.5v889.978c-0.002,12.287-2.47,24.449-7.257,35.765 c-14.634,35.541-49.163,58.833-87.598,59.09H691.975c-8.812-17.105-17.105-34.21-24.362-51.833 c-7.257-17.623-12.958-34.21-18.142-51.833c-18.144-59.476-27.402-121.307-27.472-183.49V877.02 c-1.246-53.659,41.198-98.19,94.855-99.52H1192.167z\"><\/path><path opacity=\".2\" d=\"M1192.167,777.5v786.312c-0.395,52.223-42.632,94.46-94.855,94.855h-447.84 c-18.144-59.476-27.402-121.307-27.472-183.49V877.02c-1.246-53.659,41.198-98.19,94.855-99.52H1192.167z\"><\/path><path opacity=\".2\" d=\"M1140.333,777.5v786.312c-0.395,52.223-42.632,94.46-94.855,94.855H649.472 c-18.144-59.476-27.402-121.307-27.472-183.49V877.02c-1.246-53.659,41.198-98.19,94.855-99.52H1140.333z\"><\/path><path opacity=\".1\" d=\"M1244,509.522v163.275c-8.812,0.518-17.105,1.037-25.917,1.037 c-8.812,0-17.105-0.518-25.917-1.037c-17.496-1.161-34.848-3.937-51.833-8.293c-104.963-24.857-191.679-98.469-233.25-198.003 c-7.153-16.715-12.706-34.071-16.587-51.833h258.648C1201.449,414.866,1243.801,457.217,1244,509.522z\"><\/path><path opacity=\".2\" d=\"M1192.167,561.355v111.442c-17.496-1.161-34.848-3.937-51.833-8.293 c-104.963-24.857-191.679-98.469-233.25-198.003h190.228C1149.616,466.699,1191.968,509.051,1192.167,561.355z\"><\/path><path opacity=\".2\" d=\"M1192.167,561.355v111.442c-17.496-1.161-34.848-3.937-51.833-8.293 c-104.963-24.857-191.679-98.469-233.25-198.003h190.228C1149.616,466.699,1191.968,509.051,1192.167,561.355z\"><\/path><path opacity=\".2\" d=\"M1140.333,561.355v103.148c-104.963-24.857-191.679-98.469-233.25-198.003 h138.395C1097.783,466.699,1140.134,509.051,1140.333,561.355z\"><\/path><lineargradient id=\"a\" gradientunits=\"userSpaceOnUse\" x1=\"198.099\" y1=\"1683.0726\" x2=\"942.2344\" y2=\"394.2607\" gradienttransform=\"matrix(1 0 0 -1 0 2075.3333)\"><stop offset=\"0\" stop-color=\"#5a62c3\"><\/stop><stop offset=\".5\" stop-color=\"#4d55bd\"><\/stop><stop offset=\"1\" stop-color=\"#3940ab\"><\/stop><\/lineargradient><path fill=\"url(#a)\" d=\"M95.01,466.5h950.312c52.473,0,95.01,42.538,95.01,95.01v950.312c0,52.473-42.538,95.01-95.01,95.01 H95.01c-52.473,0-95.01-42.538-95.01-95.01V561.51C0,509.038,42.538,466.5,95.01,466.5z\"><\/path><path fill=\"#FFF\" d=\"M820.211,828.193H630.241v517.297H509.211V828.193H320.123V727.844h500.088V828.193z\"><\/path><\/svg>\t\t\t\t\t<\/a>\n\t\t\t\t<\/span>\n\t\t\t\t\t<\/div>\n\t\t\t\t\t\t<\/div>\n\t\t\t\t<\/div>\n\t\t\t\t\t<\/div>\n\t\t<\/div>\n\t\t\t\t\t<\/div>\n\t\t<\/section>\n\t\t\t\t<section class=\"elementor-section elementor-top-section elementor-element elementor-element-657ea79 elementor-section-boxed elementor-section-height-default elementor-section-height-default\" data-id=\"657ea79\" data-element_type=\"section\" data-e-type=\"section\" data-settings=\"{&quot;background_background&quot;:&quot;classic&quot;}\">\n\t\t\t\t\t\t<div class=\"elementor-container elementor-column-gap-default\">\n\t\t\t\t\t<div class=\"elementor-column elementor-col-100 elementor-top-column elementor-element elementor-element-a7c7161\" data-id=\"a7c7161\" data-element_type=\"column\" data-e-type=\"column\">\n\t\t\t<div class=\"elementor-widget-wrap elementor-element-populated\">\n\t\t\t\t\t\t<div class=\"elementor-element elementor-element-29518dd elementor-widget elementor-widget-spacer\" data-id=\"29518dd\" data-element_type=\"widget\" data-e-type=\"widget\" data-widget_type=\"spacer.default\">\n\t\t\t\t<div class=\"elementor-widget-container\">\n\t\t\t\t\t\t\t<div class=\"elementor-spacer\">\n\t\t\t<div class=\"elementor-spacer-inner\"><\/div>\n\t\t<\/div>\n\t\t\t\t\t\t<\/div>\n\t\t\t\t<\/div>\n\t\t\t\t\t<\/div>\n\t\t<\/div>\n\t\t\t\t\t<\/div>\n\t\t<\/section>\n\t\t\t\t<section class=\"elementor-section elementor-top-section elementor-element elementor-element-0b02475 elementor-section-boxed elementor-section-height-default elementor-section-height-default\" data-id=\"0b02475\" data-element_type=\"section\" data-e-type=\"section\" data-settings=\"{&quot;background_background&quot;:&quot;classic&quot;}\">\n\t\t\t\t\t\t<div class=\"elementor-container elementor-column-gap-default\">\n\t\t\t\t\t<div class=\"elementor-column elementor-col-100 elementor-top-column elementor-element elementor-element-8c5de5c\" data-id=\"8c5de5c\" data-element_type=\"column\" data-e-type=\"column\">\n\t\t\t<div class=\"elementor-widget-wrap elementor-element-populated\">\n\t\t\t\t\t\t<div class=\"elementor-element elementor-element-8725600 elementor-widget elementor-widget-heading\" data-id=\"8725600\" data-element_type=\"widget\" data-e-type=\"widget\" data-widget_type=\"heading.default\">\n\t\t\t\t<div class=\"elementor-widget-container\">\n\t\t\t\t\t<h2 class=\"elementor-heading-title elementor-size-default\">Business Intelligence Provider<br><br>Zollstr. 9<br>\n80335 Munich, Germany<\/h2>\t\t\t\t<\/div>\n\t\t\t\t<\/div>\n\t\t\t\t<div class=\"elementor-element elementor-element-08f92e1 elementor-widget elementor-widget-text-editor\" data-id=\"08f92e1\" data-element_type=\"widget\" data-e-type=\"widget\" data-widget_type=\"text-editor.default\">\n\t\t\t\t<div class=\"elementor-widget-container\">\n\t\t\t\t\t\t\t\t\t<p><strong>telephones<\/strong>: +49 89 513 99 619<br \/><strong>fax<\/strong>: +49 89 513 99 162<br \/><strong>E-mail<\/strong>: <a href=\"mailto:ticket@support.bi-provider.com\">ticket@support.bi-provider.com<\/a><\/p>\t\t\t\t\t\t\t\t<\/div>\n\t\t\t\t<\/div>\n\t\t\t\t<div class=\"elementor-element elementor-element-867cfc8 elementor-widget elementor-widget-heading\" data-id=\"867cfc8\" data-element_type=\"widget\" data-e-type=\"widget\" data-widget_type=\"heading.default\">\n\t\t\t\t<div class=\"elementor-widget-container\">\n\t\t\t\t\t<h2 class=\"elementor-heading-title elementor-size-default\">Management<\/h2>\t\t\t\t<\/div>\n\t\t\t\t<\/div>\n\t\t\t\t<div class=\"elementor-element elementor-element-eba214c elementor-widget elementor-widget-text-editor\" data-id=\"eba214c\" data-element_type=\"widget\" data-e-type=\"widget\" data-widget_type=\"text-editor.default\">\n\t\t\t\t<div class=\"elementor-widget-container\">\n\t\t\t\t\t\t\t\t\t<p><b>Cristina Baboi<\/b><\/p><p><b>Daniel Baboi<\/b><\/p>\t\t\t\t\t\t\t\t<\/div>\n\t\t\t\t<\/div>\n\t\t\t\t\t<\/div>\n\t\t<\/div>\n\t\t\t\t<div class=\"elementor-column elementor-col-100 elementor-top-column elementor-element elementor-element-58376c6\" data-id=\"58376c6\" data-element_type=\"column\" data-e-type=\"column\">\n\t\t\t<div class=\"elementor-widget-wrap elementor-element-populated\">\n\t\t\t\t\t\t<div class=\"elementor-element elementor-element-8d43e07 elementor-widget elementor-widget-heading\" data-id=\"8d43e07\" data-element_type=\"widget\" data-e-type=\"widget\" data-widget_type=\"heading.default\">\n\t\t\t\t<div class=\"elementor-widget-container\">\n\t\t\t\t\t<h2 class=\"elementor-heading-title elementor-size-default\">Headquarters<\/h2>\t\t\t\t<\/div>\n\t\t\t\t<\/div>\n\t\t\t\t<div class=\"elementor-element elementor-element-c293a48 elementor-widget elementor-widget-text-editor\" data-id=\"c293a48\" data-element_type=\"widget\" data-e-type=\"widget\" data-widget_type=\"text-editor.default\">\n\t\t\t\t<div class=\"elementor-widget-container\">\n\t\t\t\t\t\t\t\t\t<p><strong>Munich<\/strong><\/p>\t\t\t\t\t\t\t\t<\/div>\n\t\t\t\t<\/div>\n\t\t\t\t<div class=\"elementor-element elementor-element-f0783c0 elementor-widget elementor-widget-heading\" data-id=\"f0783c0\" data-element_type=\"widget\" data-e-type=\"widget\" data-widget_type=\"heading.default\">\n\t\t\t\t<div class=\"elementor-widget-container\">\n\t\t\t\t\t<h2 class=\"elementor-heading-title elementor-size-default\">Court of registration<\/h2>\t\t\t\t<\/div>\n\t\t\t\t<\/div>\n\t\t\t\t<div class=\"elementor-element elementor-element-e14ee9a elementor-widget elementor-widget-text-editor\" data-id=\"e14ee9a\" data-element_type=\"widget\" data-e-type=\"widget\" data-widget_type=\"text-editor.default\">\n\t\t\t\t<div class=\"elementor-widget-container\">\n\t\t\t\t\t\t\t\t\t<p><strong>Local Court Munich HRB 288339<\/strong><\/p>\t\t\t\t\t\t\t\t<\/div>\n\t\t\t\t<\/div>\n\t\t\t\t<div class=\"elementor-element elementor-element-e68e95e elementor-widget elementor-widget-heading\" data-id=\"e68e95e\" data-element_type=\"widget\" data-e-type=\"widget\" data-widget_type=\"heading.default\">\n\t\t\t\t<div class=\"elementor-widget-container\">\n\t\t\t\t\t<h2 class=\"elementor-heading-title elementor-size-default\">VAT ID No<\/h2>\t\t\t\t<\/div>\n\t\t\t\t<\/div>\n\t\t\t\t<div class=\"elementor-element elementor-element-e5ba29c elementor-widget elementor-widget-text-editor\" data-id=\"e5ba29c\" data-element_type=\"widget\" data-e-type=\"widget\" data-widget_type=\"text-editor.default\">\n\t\t\t\t<div class=\"elementor-widget-container\">\n\t\t\t\t\t\t\t\t\t<p><strong>DE 365184153<\/strong><\/p>\t\t\t\t\t\t\t\t<\/div>\n\t\t\t\t<\/div>\n\t\t\t\t\t<\/div>\n\t\t<\/div>\n\t\t\t\t\t<\/div>\n\t\t<\/section>\n\t\t\t\t<\/div>","protected":false},"excerpt":{"rendered":"<p>IMPRESSUM Xing Linkedin Whatsapp Envelope Business Intelligence Provider GmbH Zollstra\u00dfe 9 80335 M\u00fcnchen Telefon: +49 89 513 99 619Telefax: +49 89 513 99 162E-Mail: ticket@support.bi-provider.com Gesch\u00e4ftsf\u00fchrung Cristina Baboi Daniel Baboi Sitz M\u00fcnchen Registergericht Amtsgericht M\u00fcnchen\u00a0HRB 288339 USt-IdNr. DE 365184153<\/p>","protected":false},"author":1,"featured_media":0,"parent":0,"menu_order":0,"comment_status":"closed","ping_status":"closed","template":"","meta":{"ocean_post_layout":"full-screen","ocean_both_sidebars_style":"","ocean_both_sidebars_content_width":0,"ocean_both_sidebars_sidebars_width":0,"ocean_sidebar":"0","ocean_second_sidebar":"0","ocean_disable_margins":"on","ocean_add_body_class":"","ocean_shortcode_before_top_bar":"","ocean_shortcode_after_top_bar":"","ocean_shortcode_before_header":"","ocean_shortcode_after_header":"","ocean_has_shortcode":"","ocean_shortcode_after_title":"","ocean_shortcode_before_footer_widgets":"","ocean_shortcode_after_footer_widgets":"","ocean_shortcode_before_footer_bottom":"","ocean_shortcode_after_footer_bottom":"","ocean_display_top_bar":"default","ocean_display_header":"default","ocean_header_style":"","ocean_center_header_left_menu":"0","ocean_custom_header_template":"0","ocean_custom_logo":0,"ocean_custom_retina_logo":0,"ocean_custom_logo_max_width":0,"ocean_custom_logo_tablet_max_width":0,"ocean_custom_logo_mobile_max_width":0,"ocean_custom_logo_max_height":0,"ocean_custom_logo_tablet_max_height":0,"ocean_custom_logo_mobile_max_height":0,"ocean_header_custom_menu":"0","ocean_menu_typo_font_family":"0","ocean_menu_typo_font_subset":"","ocean_menu_typo_font_size":0,"ocean_menu_typo_font_size_tablet":0,"ocean_menu_typo_font_size_mobile":0,"ocean_menu_typo_font_size_unit":"px","ocean_menu_typo_font_weight":"","ocean_menu_typo_font_weight_tablet":"","ocean_menu_typo_font_weight_mobile":"","ocean_menu_typo_transform":"","ocean_menu_typo_transform_tablet":"","ocean_menu_typo_transform_mobile":"","ocean_menu_typo_line_height":0,"ocean_menu_typo_line_height_tablet":0,"ocean_menu_typo_line_height_mobile":0,"ocean_menu_typo_line_height_unit":"","ocean_menu_typo_spacing":0,"ocean_menu_typo_spacing_tablet":0,"ocean_menu_typo_spacing_mobile":0,"ocean_menu_typo_spacing_unit":"","ocean_menu_link_color":"","ocean_menu_link_color_hover":"","ocean_menu_link_color_active":"","ocean_menu_link_background":"","ocean_menu_link_hover_background":"","ocean_menu_link_active_background":"","ocean_menu_social_links_bg":"","ocean_menu_social_hover_links_bg":"","ocean_menu_social_links_color":"","ocean_menu_social_hover_links_color":"","ocean_disable_title":"on","ocean_disable_heading":"default","ocean_post_title":"","ocean_post_subheading":"","ocean_post_title_style":"","ocean_post_title_background_color":"","ocean_post_title_background":0,"ocean_post_title_bg_image_position":"","ocean_post_title_bg_image_attachment":"","ocean_post_title_bg_image_repeat":"","ocean_post_title_bg_image_size":"","ocean_post_title_height":0,"ocean_post_title_bg_overlay":0.5,"ocean_post_title_bg_overlay_color":"","ocean_disable_breadcrumbs":"default","ocean_breadcrumbs_color":"","ocean_breadcrumbs_separator_color":"","ocean_breadcrumbs_links_color":"","ocean_breadcrumbs_links_hover_color":"","ocean_display_footer_widgets":"default","ocean_display_footer_bottom":"default","ocean_custom_footer_template":"0","osh_disable_topbar_sticky":"default","osh_disable_header_sticky":"default","osh_sticky_header_style":"default","osh_sticky_header_effect":"","osh_custom_sticky_logo":0,"osh_custom_retina_sticky_logo":0,"osh_custom_sticky_logo_height":0,"osh_background_color":"","osh_links_color":"","osh_links_hover_color":"","osh_links_active_color":"","osh_links_bg_color":"","osh_links_hover_bg_color":"","osh_links_active_bg_color":"","osh_menu_social_links_color":"","osh_menu_social_hover_links_color":"","footnotes":""},"class_list":["post-428","page","type-page","status-publish","hentry","entry"],"_links":{"self":[{"href":"https:\/\/bi-provider.com\/en\/wp-json\/wp\/v2\/pages\/428","targetHints":{"allow":["GET"]}}],"collection":[{"href":"https:\/\/bi-provider.com\/en\/wp-json\/wp\/v2\/pages"}],"about":[{"href":"https:\/\/bi-provider.com\/en\/wp-json\/wp\/v2\/types\/page"}],"author":[{"embeddable":true,"href":"https:\/\/bi-provider.com\/en\/wp-json\/wp\/v2\/users\/1"}],"replies":[{"embeddable":true,"href":"https:\/\/bi-provider.com\/en\/wp-json\/wp\/v2\/comments?post=428"}],"version-history":[{"count":72,"href":"https:\/\/bi-provider.com\/en\/wp-json\/wp\/v2\/pages\/428\/revisions"}],"predecessor-version":[{"id":1335,"href":"https:\/\/bi-provider.com\/en\/wp-json\/wp\/v2\/pages\/428\/revisions\/1335"}],"wp:attachment":[{"href":"https:\/\/bi-provider.com\/en\/wp-json\/wp\/v2\/media?parent=428"}],"curies":[{"name":"wp","href":"https:\/\/api.w.org\/{rel}","templated":true}]}}